{"id":4200,"date":"2024-06-08T22:01:28","date_gmt":"2024-06-08T22:01:28","guid":{"rendered":"https:\/\/aprofitalents.msnordic.com\/bloc\/"},"modified":"2025-01-13T15:12:15","modified_gmt":"2025-01-13T15:12:15","slug":"blog","status":"publish","type":"page","link":"https:\/\/aprofitalents.com\/ca\/blog\/","title":{"rendered":"Blog"},"content":{"rendered":"\t\t<div data-elementor-type=\"wp-page\" data-elementor-id=\"4200\" class=\"elementor elementor-4200 elementor-41\" data-elementor-post-type=\"page\">\n\t\t\t\t<div class=\"elementor-element elementor-element-2f7bf1fc e-con-full e-flex e-con e-parent\" data-id=\"2f7bf1fc\" data-element_type=\"container\" data-e-type=\"container\" data-settings=\"{&quot;background_background&quot;:&quot;classic&quot;}\">\n\t\t<div class=\"elementor-element elementor-element-34ad0868 e-flex e-con-boxed e-con e-child\" data-id=\"34ad0868\" data-element_type=\"container\" data-e-type=\"container\" data-settings=\"{&quot;background_background&quot;:&quot;classic&quot;}\">\n\t\t\t\t\t<div class=\"e-con-inner\">\n\t\t\t\t<div class=\"elementor-element elementor-element-14b42bcf elementor-widget elementor-widget-heading\" data-id=\"14b42bcf\" data-element_type=\"widget\" data-e-type=\"widget\" data-widget_type=\"heading.default\">\n\t\t\t\t<div class=\"elementor-widget-container\">\n\t\t\t\t\t<h1 class=\"elementor-heading-title elementor-size-default\">Blog Aprofitalents<\/h1>\t\t\t\t<\/div>\n\t\t\t\t<\/div>\n\t\t\t\t<div class=\"elementor-element elementor-element-4260821 elementor-widget-divider--view-line elementor-widget elementor-widget-global elementor-global-2808 elementor-widget-divider\" data-id=\"4260821\" data-element_type=\"widget\" data-e-type=\"widget\" data-widget_type=\"divider.default\">\n\t\t\t\t<div class=\"elementor-widget-container\">\n\t\t\t\t\t\t\t<div class=\"elementor-divider\">\n\t\t\t<span class=\"elementor-divider-separator\">\n\t\t\t\t\t\t<\/span>\n\t\t<\/div>\n\t\t\t\t\t\t<\/div>\n\t\t\t\t<\/div>\n\t\t\t\t<div class=\"elementor-element elementor-element-56e59d7 elementor-widget__width-initial elementor-widget elementor-widget-text-editor\" data-id=\"56e59d7\" data-element_type=\"widget\" data-e-type=\"widget\" data-widget_type=\"text-editor.default\">\n\t\t\t\t<div class=\"elementor-widget-container\">\n\t\t\t\t\t\t\t\t\t<p>La nostra opini\u00f3 i alguns bons consells i secrets sobre temes com <b>Lideratge<\/b> , <b>Col\u00b7laboraci\u00f3<\/b> , <b>Col\u00b7legues<\/b> , <b>Team Building<\/b> , <b>Desenvolupament personal i professional<\/b> , <b>Impacte social<\/b> , <b>EmployerBranding<\/b> , <b>Aprenentatge<\/b> , <b>Bons h\u00e0bits<\/b> i molt m\u00e9s i algunes <b>actualitzacions internes d&#8217;Aprofitalents.<\/b><\/p>\n\t\t\t\t\t\t\t\t<\/div>\n\t\t\t\t<\/div>\n\t\t\t\t\t<\/div>\n\t\t\t\t<\/div>\n\t\t\t\t<\/div>\n\t\t<div class=\"elementor-element elementor-element-314676bc e-flex e-con-boxed e-con e-parent\" data-id=\"314676bc\" data-element_type=\"container\" data-e-type=\"container\">\n\t\t\t\t\t<div class=\"e-con-inner\">\n\t\t\t\t<div class=\"elementor-element elementor-element-641fabeb button-read-more elementor-grid-3 elementor-grid-tablet-2 elementor-grid-mobile-1 elementor-posts--thumbnail-top elementor-posts__hover-gradient elementor-widget elementor-widget-posts\" data-id=\"641fabeb\" data-element_type=\"widget\" data-e-type=\"widget\" data-settings=\"{&quot;cards_row_gap&quot;:{&quot;unit&quot;:&quot;px&quot;,&quot;size&quot;:40,&quot;sizes&quot;:[]},&quot;cards_row_gap_tablet&quot;:{&quot;unit&quot;:&quot;px&quot;,&quot;size&quot;:71,&quot;sizes&quot;:[]},&quot;cards_row_gap_mobile&quot;:{&quot;unit&quot;:&quot;px&quot;,&quot;size&quot;:30,&quot;sizes&quot;:[]},&quot;pagination_type&quot;:&quot;load_more_infinite_scroll&quot;,&quot;cards_columns&quot;:&quot;3&quot;,&quot;cards_columns_tablet&quot;:&quot;2&quot;,&quot;cards_columns_mobile&quot;:&quot;1&quot;,&quot;load_more_spinner&quot;:{&quot;value&quot;:&quot;fas fa-spinner&quot;,&quot;library&quot;:&quot;fa-solid&quot;}}\" data-widget_type=\"posts.cards\">\n\t\t\t\t<div class=\"elementor-widget-container\">\n\t\t\t\t\t\t\t<div class=\"elementor-posts-container elementor-posts elementor-posts--skin-cards elementor-grid\" role=\"list\">\n\t\t\t\t<article class=\"elementor-post elementor-grid-item post-5902 post type-post status-publish format-standard has-post-thumbnail hentry category-coaching-dequips\" role=\"listitem\">\n\t\t\t<div class=\"elementor-post__card\">\n\t\t\t\t<a class=\"elementor-post__thumbnail__link\" href=\"https:\/\/aprofitalents.com\/ca\/com-saber-quan-necessita-lequip-directiu-passar-per-un-coaching-dequips\/\" tabindex=\"-1\" ><div class=\"elementor-post__thumbnail\"><img fetchpriority=\"high\" decoding=\"async\" width=\"1030\" height=\"560\" src=\"https:\/\/aprofitalents.com\/wp-content\/uploads\/2025\/10\/problemas-equipo-coaching-organizacion.jpg\" class=\"attachment-full size-full wp-image-5898\" alt=\"coaching equipos\" srcset=\"https:\/\/aprofitalents.com\/wp-content\/uploads\/2025\/10\/problemas-equipo-coaching-organizacion.jpg 1030w, https:\/\/aprofitalents.com\/wp-content\/uploads\/2025\/10\/problemas-equipo-coaching-organizacion-300x163.jpg 300w, https:\/\/aprofitalents.com\/wp-content\/uploads\/2025\/10\/problemas-equipo-coaching-organizacion-1024x557.jpg 1024w, https:\/\/aprofitalents.com\/wp-content\/uploads\/2025\/10\/problemas-equipo-coaching-organizacion-768x418.jpg 768w\" sizes=\"(max-width: 1030px) 100vw, 1030px\" \/><\/div><\/a>\n\t\t\t\t<div class=\"elementor-post__text\">\n\t\t\t\t<h2 class=\"elementor-post__title\">\n\t\t\t<a href=\"https:\/\/aprofitalents.com\/ca\/com-saber-quan-necessita-lequip-directiu-passar-per-un-coaching-dequips\/\" >\n\t\t\t\tCom saber quan necessita l&#8217;equip directiu Passar per un Coaching d&#8217;Equips\t\t\t<\/a>\n\t\t<\/h2>\n\t\t\t\t<\/div>\n\t\t\t\t\t<\/div>\n\t\t<\/article>\n\t\t\t\t<article class=\"elementor-post elementor-grid-item post-4752 post type-post status-publish format-standard has-post-thumbnail hentry category-blog-ca category-gestio-dequips category-intelligencia-emocional category-transformacio-digital\" role=\"listitem\">\n\t\t\t<div class=\"elementor-post__card\">\n\t\t\t\t<a class=\"elementor-post__thumbnail__link\" href=\"https:\/\/aprofitalents.com\/ca\/com-liderar-eficacment-en-un-mon-impulsat-per-la-ia\/\" tabindex=\"-1\" ><div class=\"elementor-post__thumbnail\"><img decoding=\"async\" width=\"1707\" height=\"2560\" src=\"https:\/\/aprofitalents.com\/wp-content\/uploads\/2025\/01\/Susana_PS-27-scaled.jpg\" class=\"attachment-full size-full wp-image-4726\" alt=\"\" srcset=\"https:\/\/aprofitalents.com\/wp-content\/uploads\/2025\/01\/Susana_PS-27-scaled.jpg 1707w, https:\/\/aprofitalents.com\/wp-content\/uploads\/2025\/01\/Susana_PS-27-200x300.jpg 200w, https:\/\/aprofitalents.com\/wp-content\/uploads\/2025\/01\/Susana_PS-27-683x1024.jpg 683w, https:\/\/aprofitalents.com\/wp-content\/uploads\/2025\/01\/Susana_PS-27-768x1152.jpg 768w, https:\/\/aprofitalents.com\/wp-content\/uploads\/2025\/01\/Susana_PS-27-1024x1536.jpg 1024w, https:\/\/aprofitalents.com\/wp-content\/uploads\/2025\/01\/Susana_PS-27-1365x2048.jpg 1365w\" sizes=\"(max-width: 1707px) 100vw, 1707px\" \/><\/div><\/a>\n\t\t\t\t<div class=\"elementor-post__text\">\n\t\t\t\t<h2 class=\"elementor-post__title\">\n\t\t\t<a href=\"https:\/\/aprofitalents.com\/ca\/com-liderar-eficacment-en-un-mon-impulsat-per-la-ia\/\" >\n\t\t\t\tCom liderar efica\u00e7ment en un m\u00f3n impulsat per la IA\t\t\t<\/a>\n\t\t<\/h2>\n\t\t\t\t<\/div>\n\t\t\t\t\t<\/div>\n\t\t<\/article>\n\t\t\t\t<article class=\"elementor-post elementor-grid-item post-4621 post type-post status-publish format-standard has-post-thumbnail hentry category-blog-ca\" role=\"listitem\">\n\t\t\t<div class=\"elementor-post__card\">\n\t\t\t\t<a class=\"elementor-post__thumbnail__link\" href=\"https:\/\/aprofitalents.com\/ca\/limpacte-dels-gerents-accidentals-en-les-organitzacions-i-com-solucionar-ho\/\" tabindex=\"-1\" ><div class=\"elementor-post__thumbnail\"><img decoding=\"async\" width=\"2240\" height=\"1260\" src=\"https:\/\/aprofitalents.com\/wp-content\/uploads\/2025\/01\/foto-banner-post-blog-malos-gerentes-1.png\" class=\"attachment-full size-full wp-image-4494\" alt=\"\" srcset=\"https:\/\/aprofitalents.com\/wp-content\/uploads\/2025\/01\/foto-banner-post-blog-malos-gerentes-1.png 2240w, https:\/\/aprofitalents.com\/wp-content\/uploads\/2025\/01\/foto-banner-post-blog-malos-gerentes-1-300x169.png 300w, https:\/\/aprofitalents.com\/wp-content\/uploads\/2025\/01\/foto-banner-post-blog-malos-gerentes-1-1024x576.png 1024w, https:\/\/aprofitalents.com\/wp-content\/uploads\/2025\/01\/foto-banner-post-blog-malos-gerentes-1-768x432.png 768w, https:\/\/aprofitalents.com\/wp-content\/uploads\/2025\/01\/foto-banner-post-blog-malos-gerentes-1-1536x864.png 1536w, https:\/\/aprofitalents.com\/wp-content\/uploads\/2025\/01\/foto-banner-post-blog-malos-gerentes-1-2048x1152.png 2048w\" sizes=\"(max-width: 2240px) 100vw, 2240px\" \/><\/div><\/a>\n\t\t\t\t<div class=\"elementor-post__text\">\n\t\t\t\t<h2 class=\"elementor-post__title\">\n\t\t\t<a href=\"https:\/\/aprofitalents.com\/ca\/limpacte-dels-gerents-accidentals-en-les-organitzacions-i-com-solucionar-ho\/\" >\n\t\t\t\tL&#8217;impacte dels &#8220;gerents accidentals&#8221; en les organitzacions i com solucionar-ho\t\t\t<\/a>\n\t\t<\/h2>\n\t\t\t\t<\/div>\n\t\t\t\t\t<\/div>\n\t\t<\/article>\n\t\t\t\t<article class=\"elementor-post elementor-grid-item post-2057 post type-post status-publish format-standard has-post-thumbnail hentry category-blog-ca category-gestio-dequips category-intelligencia-emocional category-lideratge\" role=\"listitem\">\n\t\t\t<div class=\"elementor-post__card\">\n\t\t\t\t<a class=\"elementor-post__thumbnail__link\" href=\"https:\/\/aprofitalents.com\/ca\/conceptes-basics-de-neurociencia-per-transformar-el-teu-lideratge\/\" tabindex=\"-1\" ><div class=\"elementor-post__thumbnail\"><img loading=\"lazy\" decoding=\"async\" width=\"2560\" height=\"2560\" src=\"https:\/\/aprofitalents.com\/wp-content\/uploads\/2024\/05\/para-post-hormonas-scaled-2.jpg\" class=\"attachment-full size-full wp-image-2048\" alt=\"4 hormones que ajuden en la gesti\u00f3 emocional i de l\u00b4equip\" srcset=\"https:\/\/aprofitalents.com\/wp-content\/uploads\/2024\/05\/para-post-hormonas-scaled-2.jpg 2560w, https:\/\/aprofitalents.com\/wp-content\/uploads\/2024\/05\/para-post-hormonas-scaled-2-300x300.jpg 300w, https:\/\/aprofitalents.com\/wp-content\/uploads\/2024\/05\/para-post-hormonas-scaled-2-1024x1024.jpg 1024w, https:\/\/aprofitalents.com\/wp-content\/uploads\/2024\/05\/para-post-hormonas-scaled-2-150x150.jpg 150w, https:\/\/aprofitalents.com\/wp-content\/uploads\/2024\/05\/para-post-hormonas-scaled-2-768x768.jpg 768w, https:\/\/aprofitalents.com\/wp-content\/uploads\/2024\/05\/para-post-hormonas-scaled-2-1536x1536.jpg 1536w, https:\/\/aprofitalents.com\/wp-content\/uploads\/2024\/05\/para-post-hormonas-scaled-2-2048x2048.jpg 2048w\" sizes=\"(max-width: 2560px) 100vw, 2560px\" \/><\/div><\/a>\n\t\t\t\t<div class=\"elementor-post__text\">\n\t\t\t\t<h2 class=\"elementor-post__title\">\n\t\t\t<a href=\"https:\/\/aprofitalents.com\/ca\/conceptes-basics-de-neurociencia-per-transformar-el-teu-lideratge\/\" >\n\t\t\t\tConceptes b\u00e0sics de Neuroci\u00e8ncia per Transformar el teu Lideratge\t\t\t<\/a>\n\t\t<\/h2>\n\t\t\t\t<\/div>\n\t\t\t\t\t<\/div>\n\t\t<\/article>\n\t\t\t\t<article class=\"elementor-post elementor-grid-item post-2040 post type-post status-publish format-standard has-post-thumbnail hentry category-blog-ca category-desenvolupament-del-lideratge category-formacio-en-lideratge category-gestio-dequips category-lideratge\" role=\"listitem\">\n\t\t\t<div class=\"elementor-post__card\">\n\t\t\t\t<a class=\"elementor-post__thumbnail__link\" href=\"https:\/\/aprofitalents.com\/ca\/2040\/\" tabindex=\"-1\" ><div class=\"elementor-post__thumbnail\"><img loading=\"lazy\" decoding=\"async\" width=\"1021\" height=\"360\" src=\"https:\/\/aprofitalents.com\/wp-content\/uploads\/2024\/05\/female-coach-with-female-director-1.jpg\" class=\"attachment-full size-full wp-image-2034\" alt=\"Dona Coach amb dona directiva\" srcset=\"https:\/\/aprofitalents.com\/wp-content\/uploads\/2024\/05\/female-coach-with-female-director-1.jpg 1021w, https:\/\/aprofitalents.com\/wp-content\/uploads\/2024\/05\/female-coach-with-female-director-1-300x106.jpg 300w, https:\/\/aprofitalents.com\/wp-content\/uploads\/2024\/05\/female-coach-with-female-director-1-768x271.jpg 768w\" sizes=\"(max-width: 1021px) 100vw, 1021px\" \/><\/div><\/a>\n\t\t\t\t<div class=\"elementor-post__text\">\n\t\t\t\t<h2 class=\"elementor-post__title\">\n\t\t\t<a href=\"https:\/\/aprofitalents.com\/ca\/2040\/\" >\n\t\t\t\tCoaching Expert en Lideratge en Resposta als Conflictes Laborals\t\t\t<\/a>\n\t\t<\/h2>\n\t\t\t\t<\/div>\n\t\t\t\t\t<\/div>\n\t\t<\/article>\n\t\t\t\t<article class=\"elementor-post elementor-grid-item post-1893 post type-post status-publish format-standard has-post-thumbnail hentry category-blog-ca category-intelligencia-emocional category-transformacio-digital\" role=\"listitem\">\n\t\t\t<div class=\"elementor-post__card\">\n\t\t\t\t<a class=\"elementor-post__thumbnail__link\" href=\"https:\/\/aprofitalents.com\/ca\/abans-de-submergir-te-en-la-ia-has-considerat-limpacte-huma\/\" tabindex=\"-1\" ><div class=\"elementor-post__thumbnail\"><img loading=\"lazy\" decoding=\"async\" width=\"1024\" height=\"527\" src=\"https:\/\/aprofitalents.com\/wp-content\/uploads\/2024\/01\/imagen-post-instagram-aprofitalents-e1706172836599-1.png\" class=\"attachment-full size-full wp-image-1878\" alt=\"\" srcset=\"https:\/\/aprofitalents.com\/wp-content\/uploads\/2024\/01\/imagen-post-instagram-aprofitalents-e1706172836599-1.png 1024w, https:\/\/aprofitalents.com\/wp-content\/uploads\/2024\/01\/imagen-post-instagram-aprofitalents-e1706172836599-1-300x154.png 300w, https:\/\/aprofitalents.com\/wp-content\/uploads\/2024\/01\/imagen-post-instagram-aprofitalents-e1706172836599-1-768x395.png 768w\" sizes=\"(max-width: 1024px) 100vw, 1024px\" \/><\/div><\/a>\n\t\t\t\t<div class=\"elementor-post__text\">\n\t\t\t\t<h2 class=\"elementor-post__title\">\n\t\t\t<a href=\"https:\/\/aprofitalents.com\/ca\/abans-de-submergir-te-en-la-ia-has-considerat-limpacte-huma\/\" >\n\t\t\t\tAbans de submergir-te en la IA, has considerat l&#8217;impacte hum\u00e0?\t\t\t<\/a>\n\t\t<\/h2>\n\t\t\t\t<\/div>\n\t\t\t\t\t<\/div>\n\t\t<\/article>\n\t\t\t\t<article class=\"elementor-post elementor-grid-item post-1683 post type-post status-publish format-standard has-post-thumbnail hentry category-blog-ca category-formacio-en-lideratge-dequips category-gestio-del-canvi category-intelligencia-emocional tag-leadership-training tag-leadership-training-ca-2\" role=\"listitem\">\n\t\t\t<div class=\"elementor-post__card\">\n\t\t\t\t<a class=\"elementor-post__thumbnail__link\" href=\"https:\/\/aprofitalents.com\/ca\/perspectives-de-la-meva-metodologia-de-formacio-a-dones-liders\/\" tabindex=\"-1\" ><div class=\"elementor-post__thumbnail\"><img loading=\"lazy\" decoding=\"async\" width=\"2560\" height=\"1440\" src=\"https:\/\/aprofitalents.com\/wp-content\/uploads\/2023\/11\/FOTO-EN-CATALAN-DE-CAJA-INGENIEROS-1-scaled-1.jpg\" class=\"attachment-full size-full wp-image-1701\" alt=\"Agenda de formaci\u00f3 de lideratge\" srcset=\"https:\/\/aprofitalents.com\/wp-content\/uploads\/2023\/11\/FOTO-EN-CATALAN-DE-CAJA-INGENIEROS-1-scaled-1.jpg 2560w, https:\/\/aprofitalents.com\/wp-content\/uploads\/2023\/11\/FOTO-EN-CATALAN-DE-CAJA-INGENIEROS-1-scaled-1-300x169.jpg 300w, https:\/\/aprofitalents.com\/wp-content\/uploads\/2023\/11\/FOTO-EN-CATALAN-DE-CAJA-INGENIEROS-1-scaled-1-1024x576.jpg 1024w, https:\/\/aprofitalents.com\/wp-content\/uploads\/2023\/11\/FOTO-EN-CATALAN-DE-CAJA-INGENIEROS-1-scaled-1-768x432.jpg 768w, https:\/\/aprofitalents.com\/wp-content\/uploads\/2023\/11\/FOTO-EN-CATALAN-DE-CAJA-INGENIEROS-1-scaled-1-1536x864.jpg 1536w, https:\/\/aprofitalents.com\/wp-content\/uploads\/2023\/11\/FOTO-EN-CATALAN-DE-CAJA-INGENIEROS-1-scaled-1-2048x1152.jpg 2048w\" sizes=\"(max-width: 2560px) 100vw, 2560px\" \/><\/div><\/a>\n\t\t\t\t<div class=\"elementor-post__text\">\n\t\t\t\t<h2 class=\"elementor-post__title\">\n\t\t\t<a href=\"https:\/\/aprofitalents.com\/ca\/perspectives-de-la-meva-metodologia-de-formacio-a-dones-liders\/\" >\n\t\t\t\tPerspectives de la Meva Metodologia de Formaci\u00f3 a Dones L\u00edders\t\t\t<\/a>\n\t\t<\/h2>\n\t\t\t\t<\/div>\n\t\t\t\t\t<\/div>\n\t\t<\/article>\n\t\t\t\t<article class=\"elementor-post elementor-grid-item post-1803 post type-post status-publish format-standard has-post-thumbnail hentry category-blog-ca category-gestio-dequips category-team-coaching-coaching\" role=\"listitem\">\n\t\t\t<div class=\"elementor-post__card\">\n\t\t\t\t<a class=\"elementor-post__thumbnail__link\" href=\"https:\/\/aprofitalents.com\/ca\/desenvolupament-dequips-amb-la-metodologia-skill-eq\/\" tabindex=\"-1\" ><div class=\"elementor-post__thumbnail\"><img loading=\"lazy\" decoding=\"async\" width=\"900\" height=\"789\" src=\"https:\/\/aprofitalents.com\/wp-content\/uploads\/2023\/11\/about-susanna-jimenez-skill-EQ.jpg\" class=\"attachment-full size-full wp-image-3619\" alt=\"About us at Aprofitalents meet Susana Jimenez and collaborators\" srcset=\"https:\/\/aprofitalents.com\/wp-content\/uploads\/2023\/11\/about-susanna-jimenez-skill-EQ.jpg 900w, https:\/\/aprofitalents.com\/wp-content\/uploads\/2023\/11\/about-susanna-jimenez-skill-EQ-300x263.jpg 300w, https:\/\/aprofitalents.com\/wp-content\/uploads\/2023\/11\/about-susanna-jimenez-skill-EQ-768x673.jpg 768w\" sizes=\"(max-width: 900px) 100vw, 900px\" \/><\/div><\/a>\n\t\t\t\t<div class=\"elementor-post__text\">\n\t\t\t\t<h2 class=\"elementor-post__title\">\n\t\t\t<a href=\"https:\/\/aprofitalents.com\/ca\/desenvolupament-dequips-amb-la-metodologia-skill-eq\/\" >\n\t\t\t\tDesenvolupament d&#8217;equips amb la metodologia Skill-Eq\t\t\t<\/a>\n\t\t<\/h2>\n\t\t\t\t<\/div>\n\t\t\t\t\t<\/div>\n\t\t<\/article>\n\t\t\t\t<article class=\"elementor-post elementor-grid-item post-1807 post type-post status-publish format-standard has-post-thumbnail hentry category-blog-ca category-gestio-del-canvi\" role=\"listitem\">\n\t\t\t<div class=\"elementor-post__card\">\n\t\t\t\t<a class=\"elementor-post__thumbnail__link\" href=\"https:\/\/aprofitalents.com\/ca\/habit-2-secrets-per-implementar-el-canvi-resistencia-a-la-dilucio\/\" tabindex=\"-1\" ><div class=\"elementor-post__thumbnail\"><img loading=\"lazy\" decoding=\"async\" width=\"2560\" height=\"1280\" src=\"https:\/\/aprofitalents.com\/wp-content\/uploads\/2023\/10\/Secrets-to-Implementing-Change.-Diluting-Resistance-scaled-1.jpg\" class=\"attachment-full size-full wp-image-1746\" alt=\"Implenting change and diluting resistance\" srcset=\"https:\/\/aprofitalents.com\/wp-content\/uploads\/2023\/10\/Secrets-to-Implementing-Change.-Diluting-Resistance-scaled-1.jpg 2560w, https:\/\/aprofitalents.com\/wp-content\/uploads\/2023\/10\/Secrets-to-Implementing-Change.-Diluting-Resistance-scaled-1-300x150.jpg 300w, https:\/\/aprofitalents.com\/wp-content\/uploads\/2023\/10\/Secrets-to-Implementing-Change.-Diluting-Resistance-scaled-1-1024x512.jpg 1024w, https:\/\/aprofitalents.com\/wp-content\/uploads\/2023\/10\/Secrets-to-Implementing-Change.-Diluting-Resistance-scaled-1-768x384.jpg 768w, https:\/\/aprofitalents.com\/wp-content\/uploads\/2023\/10\/Secrets-to-Implementing-Change.-Diluting-Resistance-scaled-1-1536x768.jpg 1536w, https:\/\/aprofitalents.com\/wp-content\/uploads\/2023\/10\/Secrets-to-Implementing-Change.-Diluting-Resistance-scaled-1-2048x1024.jpg 2048w\" sizes=\"(max-width: 2560px) 100vw, 2560px\" \/><\/div><\/a>\n\t\t\t\t<div class=\"elementor-post__text\">\n\t\t\t\t<h2 class=\"elementor-post__title\">\n\t\t\t<a href=\"https:\/\/aprofitalents.com\/ca\/habit-2-secrets-per-implementar-el-canvi-resistencia-a-la-dilucio\/\" >\n\t\t\t\tH\u00e0bit 2: Secrets per implementar el canvi. Resist\u00e8ncia a la diluci\u00f3\t\t\t<\/a>\n\t\t<\/h2>\n\t\t\t\t<\/div>\n\t\t\t\t\t<\/div>\n\t\t<\/article>\n\t\t\t\t<article class=\"elementor-post elementor-grid-item post-1817 post type-post status-publish format-standard has-post-thumbnail hentry category-blog-ca category-intelligencia-emocional category-lideratge\" role=\"listitem\">\n\t\t\t<div class=\"elementor-post__card\">\n\t\t\t\t<a class=\"elementor-post__thumbnail__link\" href=\"https:\/\/aprofitalents.com\/ca\/habit-3-lart-de-ser-un-mentor\/\" tabindex=\"-1\" ><div class=\"elementor-post__thumbnail\"><img loading=\"lazy\" decoding=\"async\" width=\"1536\" height=\"864\" src=\"https:\/\/aprofitalents.com\/wp-content\/uploads\/2023\/01\/foto-para-habito-3-se-un-mentor-1536x864-1.jpg\" class=\"attachment-full size-full wp-image-1323\" alt=\"\" srcset=\"https:\/\/aprofitalents.com\/wp-content\/uploads\/2023\/01\/foto-para-habito-3-se-un-mentor-1536x864-1.jpg 1536w, https:\/\/aprofitalents.com\/wp-content\/uploads\/2023\/01\/foto-para-habito-3-se-un-mentor-1536x864-1-300x169.jpg 300w, https:\/\/aprofitalents.com\/wp-content\/uploads\/2023\/01\/foto-para-habito-3-se-un-mentor-1536x864-1-1024x576.jpg 1024w, https:\/\/aprofitalents.com\/wp-content\/uploads\/2023\/01\/foto-para-habito-3-se-un-mentor-1536x864-1-768x432.jpg 768w\" sizes=\"(max-width: 1536px) 100vw, 1536px\" \/><\/div><\/a>\n\t\t\t\t<div class=\"elementor-post__text\">\n\t\t\t\t<h2 class=\"elementor-post__title\">\n\t\t\t<a href=\"https:\/\/aprofitalents.com\/ca\/habit-3-lart-de-ser-un-mentor\/\" >\n\t\t\t\tH\u00e0bit 3: L&#8217;art de ser un mentor\t\t\t<\/a>\n\t\t<\/h2>\n\t\t\t\t<\/div>\n\t\t\t\t\t<\/div>\n\t\t<\/article>\n\t\t\t\t<\/div>\n\t\t\t\t\t<span class=\"e-load-more-spinner\">\n\t\t\t\t<svg aria-hidden=\"true\" class=\"e-font-icon-svg e-fas-spinner\" viewBox=\"0 0 512 512\" xmlns=\"http:\/\/www.w3.org\/2000\/svg\"><path d=\"M304 48c0 26.51-21.49 48-48 48s-48-21.49-48-48 21.49-48 48-48 48 21.49 48 48zm-48 368c-26.51 0-48 21.49-48 48s21.49 48 48 48 48-21.49 48-48-21.49-48-48-48zm208-208c-26.51 0-48 21.49-48 48s21.49 48 48 48 48-21.49 48-48-21.49-48-48-48zM96 256c0-26.51-21.49-48-48-48S0 229.49 0 256s21.49 48 48 48 48-21.49 48-48zm12.922 99.078c-26.51 0-48 21.49-48 48s21.49 48 48 48 48-21.49 48-48c0-26.509-21.491-48-48-48zm294.156 0c-26.51 0-48 21.49-48 48s21.49 48 48 48 48-21.49 48-48c0-26.509-21.49-48-48-48zM108.922 60.922c-26.51 0-48 21.49-48 48s21.49 48 48 48 48-21.49 48-48-21.491-48-48-48z\"><\/path><\/svg>\t\t\t<\/span>\n\t\t\n\t\t\t\t<div class=\"e-load-more-anchor\" data-page=\"1\" data-max-page=\"3\" data-next-page=\"https:\/\/aprofitalents.com\/ca\/wp-json\/wp\/v2\/pages\/4200\/page\/2\/\"><\/div>\n\t\t\t\t<div class=\"e-load-more-message\"><\/div>\n\t\t\t\t\t\t<\/div>\n\t\t\t\t<\/div>\n\t\t\t\t\t<\/div>\n\t\t\t\t<\/div>\n\t\t\t\t<\/div>\n\t\t","protected":false},"excerpt":{"rendered":"<p>Blog Aprofitalents La nostra opini\u00f3 i alguns bons consells i<\/p>\n","protected":false},"author":1,"featured_media":4114,"parent":0,"menu_order":0,"comment_status":"closed","ping_status":"closed","template":"","meta":{"footnotes":""},"class_list":["post-4200","page","type-page","status-publish","has-post-thumbnail","hentry"],"_links":{"self":[{"href":"https:\/\/aprofitalents.com\/ca\/wp-json\/wp\/v2\/pages\/4200","targetHints":{"allow":["GET"]}}],"collection":[{"href":"https:\/\/aprofitalents.com\/ca\/wp-json\/wp\/v2\/pages"}],"about":[{"href":"https:\/\/aprofitalents.com\/ca\/wp-json\/wp\/v2\/types\/page"}],"author":[{"embeddable":true,"href":"https:\/\/aprofitalents.com\/ca\/wp-json\/wp\/v2\/users\/1"}],"replies":[{"embeddable":true,"href":"https:\/\/aprofitalents.com\/ca\/wp-json\/wp\/v2\/comments?post=4200"}],"version-history":[{"count":5,"href":"https:\/\/aprofitalents.com\/ca\/wp-json\/wp\/v2\/pages\/4200\/revisions"}],"predecessor-version":[{"id":4642,"href":"https:\/\/aprofitalents.com\/ca\/wp-json\/wp\/v2\/pages\/4200\/revisions\/4642"}],"wp:featuredmedia":[{"embeddable":true,"href":"https:\/\/aprofitalents.com\/ca\/wp-json\/wp\/v2\/media\/4114"}],"wp:attachment":[{"href":"https:\/\/aprofitalents.com\/ca\/wp-json\/wp\/v2\/media?parent=4200"}],"curies":[{"name":"wp","href":"https:\/\/api.w.org\/{rel}","templated":true}]}}